{"id":557,"date":"2024-11-13T11:06:12","date_gmt":"2024-11-13T10:06:12","guid":{"rendered":"https:\/\/expertrisk-cybertech.fr\/?page_id=557"},"modified":"2025-03-20T11:09:08","modified_gmt":"2025-03-20T10:09:08","slug":"me-contacter","status":"publish","type":"page","link":"https:\/\/expertrisk-cybertech.fr\/index.php\/me-contacter\/","title":{"rendered":"Me contacter"},"content":{"rendered":"\n<figure class=\"wp-block-image size-large is-resized\"><img loading=\"lazy\" decoding=\"async\" width=\"717\" height=\"1024\" src=\"https:\/\/expertrisk-cybertech.fr\/wp-content\/uploads\/2025\/03\/S1DYbqzFQ4xZZA7zgQhx2-717x1024.png\" alt=\"\" class=\"wp-image-620\" style=\"width:215px;height:auto\" srcset=\"https:\/\/expertrisk-cybertech.fr\/wp-content\/uploads\/2025\/03\/S1DYbqzFQ4xZZA7zgQhx2-717x1024.png 717w, https:\/\/expertrisk-cybertech.fr\/wp-content\/uploads\/2025\/03\/S1DYbqzFQ4xZZA7zgQhx2-210x300.png 210w, https:\/\/expertrisk-cybertech.fr\/wp-content\/uploads\/2025\/03\/S1DYbqzFQ4xZZA7zgQhx2-768x1097.png 768w, https:\/\/expertrisk-cybertech.fr\/wp-content\/uploads\/2025\/03\/S1DYbqzFQ4xZZA7zgQhx2.png 896w\" sizes=\"auto, (max-width: 717px) 100vw, 717px\" \/><\/figure>\n\n\n<div class=\"wpforms-container wpforms-container-full wpforms-block wpforms-block-07905bed-13a1-4863-9b0f-ae7b77572333 wpforms-render-modern\" id=\"wpforms-554\"><form id=\"wpforms-form-554\" class=\"wpforms-validate wpforms-form wpforms-ajax-form\" data-formid=\"554\" method=\"post\" enctype=\"multipart\/form-data\" action=\"\/index.php\/wp-json\/wp\/v2\/pages\/557\" data-token=\"c7dcce1535c5283247c34835e8c5ee7c\" data-token-time=\"1778071362\"><noscript class=\"wpforms-error-noscript\">Veuillez activer JavaScript dans votre navigateur pour remplir ce formulaire.<\/noscript><div id=\"wpforms-error-noscript\" style=\"display: none;\">Veuillez activer JavaScript dans votre navigateur pour remplir ce formulaire.<\/div><div class=\"wpforms-field-container\"><div id=\"wpforms-554-field_0-container\" class=\"wpforms-field wpforms-field-name\" data-field-id=\"0\"><fieldset><legend class=\"wpforms-field-label\">Name <span class=\"wpforms-required-label\" aria-hidden=\"true\">*<\/span><\/legend><div class=\"wpforms-field-row wpforms-field-medium\"><div class=\"wpforms-field-row-block wpforms-first wpforms-one-half\"><input type=\"text\" id=\"wpforms-554-field_0\" class=\"wpforms-field-name-first wpforms-field-required\" name=\"wpforms[fields][0][first]\" aria-errormessage=\"wpforms-554-field_0-error\" required><label for=\"wpforms-554-field_0\" class=\"wpforms-field-sublabel after\">Pr\u00e9nom<\/label><\/div><div class=\"wpforms-field-row-block wpforms-one-half\"><input type=\"text\" id=\"wpforms-554-field_0-last\" class=\"wpforms-field-name-last wpforms-field-required\" name=\"wpforms[fields][0][last]\" aria-errormessage=\"wpforms-554-field_0-last-error\" required><label for=\"wpforms-554-field_0-last\" class=\"wpforms-field-sublabel after\">Nom<\/label><\/div><\/div><\/fieldset><\/div><div id=\"wpforms-554-field_1-container\" class=\"wpforms-field wpforms-field-email\" data-field-id=\"1\"><label class=\"wpforms-field-label\" for=\"wpforms-554-field_1\">Email <span class=\"wpforms-required-label\" aria-hidden=\"true\">*<\/span><\/label><input type=\"email\" id=\"wpforms-554-field_1\" class=\"wpforms-field-medium wpforms-field-required\" name=\"wpforms[fields][1]\" spellcheck=\"false\" aria-errormessage=\"wpforms-554-field_1-error\" required><\/div><div id=\"wpforms-554-field_3-container\" class=\"wpforms-field wpforms-field-textarea\" data-field-id=\"3\"><label class=\"wpforms-field-label\" for=\"wpforms-554-field_3\">Message <span class=\"wpforms-required-label\" aria-hidden=\"true\">*<\/span><\/label><textarea id=\"wpforms-554-field_3\" class=\"wpforms-field-medium wpforms-field-required\" name=\"wpforms[fields][3]\" aria-errormessage=\"wpforms-554-field_3-error\" required><\/textarea><\/div>\t\t<div id=\"wpforms-554-field_2-container\"\n\t\t\tclass=\"wpforms-field wpforms-field-text\"\n\t\t\tdata-field-type=\"text\"\n\t\t\tdata-field-id=\"2\"\n\t\t\t>\n\t\t\t<label class=\"wpforms-field-label\" for=\"wpforms-554-field_2\" >Email Message Name<\/label>\n\t\t\t<input type=\"text\" id=\"wpforms-554-field_2\" class=\"wpforms-field-medium\" name=\"wpforms[fields][2]\" >\n\t\t<\/div>\n\t\t<div id=\"wpforms-554-field_8-container\" class=\"wpforms-field wpforms-field-textarea\" data-field-id=\"8\"><label class=\"wpforms-field-label\" for=\"wpforms-554-field_8\">Protection des donn\u00e9es personnelles<\/label><textarea id=\"wpforms-554-field_8\" class=\"wpforms-field-medium\" name=\"wpforms[fields][8]\" placeholder=\"Les informations recueillies via ce formulaire de contact sont enregistr\u00e9es et trait\u00e9es par ExpertRisk Cybertech dans le but de r\u00e9pondre \u00e0 vos demandes d&#039;informations. Elles sont conserv\u00e9es pendant une dur\u00e9e maximale de [indiquer la dur\u00e9e de conservation, ex: 1 an] et sont destin\u00e9es exclusivement \u00e0 notre \u00e9quipe charg\u00e9e de la relation client.  Conform\u00e9ment \u00e0 la loi \u00ab informatique et libert\u00e9s \u00bb et au R\u00e8glement G\u00e9n\u00e9ral sur la Protection des Donn\u00e9es (RGPD), vous b\u00e9n\u00e9ficiez d&#039;un droit d&#039;acc\u00e8s, de rectification, d\u2019effacement, de limitation du traitement, de portabilit\u00e9 de vos donn\u00e9es ainsi que d&#039;un droit d&#039;opposition au traitement de vos donn\u00e9es personnelles.  Pour exercer ces droits, vous pouvez nous contacter par e-mail \u00e0 l\u2019adresse suivante : privacy@expertrisk-cybertech.fr.  En soumettant ce formulaire, vous acceptez que vos donn\u00e9es soient trait\u00e9es selon les modalit\u00e9s d\u00e9crites ci-dessus.\" aria-errormessage=\"wpforms-554-field_8-error\" ><\/textarea><\/div><script>\n\t\t\t\t( function() {\n\t\t\t\t\tconst style = document.createElement( 'style' );\n\t\t\t\t\tstyle.appendChild( document.createTextNode( '#wpforms-554-field_2-container { position: absolute !important; overflow: hidden !important; display: inline !important; height: 1px !important; width: 1px !important; z-index: -1000 !important; padding: 0 !important; } #wpforms-554-field_2-container input { visibility: hidden; } #wpforms-conversational-form-page #wpforms-554-field_2-container label { counter-increment: none; }' ) );\n\t\t\t\t\tdocument.head.appendChild( style );\n\t\t\t\t\tdocument.currentScript?.remove();\n\t\t\t\t} )();\n\t\t\t<\/script><\/div><!-- .wpforms-field-container --><div class=\"wpforms-submit-container\" ><input type=\"hidden\" name=\"wpforms[id]\" value=\"554\"><input type=\"hidden\" name=\"page_title\" value=\"\"><input type=\"hidden\" name=\"page_url\" value=\"https:\/\/expertrisk-cybertech.fr\/index.php\/wp-json\/wp\/v2\/pages\/557\"><input type=\"hidden\" name=\"url_referer\" value=\"\"><button type=\"submit\" name=\"wpforms[submit]\" id=\"wpforms-submit-554\" class=\"wpforms-submit\" data-alt-text=\"Envoi...\" data-submit-text=\"Envoyer\" aria-live=\"assertive\" value=\"wpforms-submit\">Envoyer<\/button><img loading=\"lazy\" decoding=\"async\" src=\"https:\/\/expertrisk-cybertech.fr\/wp-content\/plugins\/wpforms-lite\/assets\/images\/submit-spin.svg\" class=\"wpforms-submit-spinner\" style=\"display: none;\" width=\"26\" height=\"26\" alt=\"Chargement en cours\"><\/div><\/form><\/div>  <!-- .wpforms-container -->\n\n\n<p><\/p>\n","protected":false},"excerpt":{"rendered":"","protected":false},"author":1,"featured_media":0,"parent":0,"menu_order":0,"comment_status":"closed","ping_status":"closed","template":"","meta":{"neve_meta_sidebar":"","neve_meta_container":"","neve_meta_enable_content_width":"","neve_meta_content_width":0,"neve_meta_title_alignment":"","neve_meta_author_avatar":"","neve_post_elements_order":"","neve_meta_disable_header":"","neve_meta_disable_footer":"","neve_meta_disable_title":"","footnotes":""},"class_list":["post-557","page","type-page","status-publish","hentry"],"_links":{"self":[{"href":"https:\/\/expertrisk-cybertech.fr\/index.php\/wp-json\/wp\/v2\/pages\/557","targetHints":{"allow":["GET"]}}],"collection":[{"href":"https:\/\/expertrisk-cybertech.fr\/index.php\/wp-json\/wp\/v2\/pages"}],"about":[{"href":"https:\/\/expertrisk-cybertech.fr\/index.php\/wp-json\/wp\/v2\/types\/page"}],"author":[{"embeddable":true,"href":"https:\/\/expertrisk-cybertech.fr\/index.php\/wp-json\/wp\/v2\/users\/1"}],"replies":[{"embeddable":true,"href":"https:\/\/expertrisk-cybertech.fr\/index.php\/wp-json\/wp\/v2\/comments?post=557"}],"version-history":[{"count":2,"href":"https:\/\/expertrisk-cybertech.fr\/index.php\/wp-json\/wp\/v2\/pages\/557\/revisions"}],"predecessor-version":[{"id":652,"href":"https:\/\/expertrisk-cybertech.fr\/index.php\/wp-json\/wp\/v2\/pages\/557\/revisions\/652"}],"wp:attachment":[{"href":"https:\/\/expertrisk-cybertech.fr\/index.php\/wp-json\/wp\/v2\/media?parent=557"}],"curies":[{"name":"wp","href":"https:\/\/api.w.org\/{rel}","templated":true}]}}